{"id":133,"date":"2018-09-17T14:58:06","date_gmt":"2018-09-17T12:58:06","guid":{"rendered":"http:\/\/coraliepuccimakeup.fr\/?page_id=133"},"modified":"2025-07-28T11:16:11","modified_gmt":"2025-07-28T09:16:11","slug":"accueil","status":"publish","type":"page","link":"https:\/\/coraliepuccimakeup.fr\/","title":{"rendered":""},"content":{"rendered":"\n<div class=\"wp-block-image\"><figure class=\"aligncenter size-full\"><img loading=\"lazy\" width=\"1212\" height=\"1482\" src=\"https:\/\/coraliepuccimakeup.fr\/wp-content\/uploads\/2025\/07\/IMG_9864.jpg\" alt=\"\" class=\"wp-image-1542\" srcset=\"https:\/\/coraliepuccimakeup.fr\/wp-content\/uploads\/2025\/07\/IMG_9864.jpg 1212w, https:\/\/coraliepuccimakeup.fr\/wp-content\/uploads\/2025\/07\/IMG_9864-245x300.jpg 245w, https:\/\/coraliepuccimakeup.fr\/wp-content\/uploads\/2025\/07\/IMG_9864-837x1024.jpg 837w, https:\/\/coraliepuccimakeup.fr\/wp-content\/uploads\/2025\/07\/IMG_9864-768x939.jpg 768w, https:\/\/coraliepuccimakeup.fr\/wp-content\/uploads\/2025\/07\/IMG_9864-1140x1394.jpg 1140w\" sizes=\"(max-width: 1212px) 100vw, 1212px\" \/><\/figure><\/div>\n\n\n\n<figure class=\"wp-block-gallery columns-1 is-cropped\"><ul class=\"blocks-gallery-grid\"><li class=\"blocks-gallery-item\"><figure><img loading=\"lazy\" width=\"1707\" height=\"2560\" src=\"https:\/\/coraliepuccimakeup.fr\/wp-content\/uploads\/2022\/07\/VALENTINE0063R-1-scaled.jpeg\" alt=\"\" data-id=\"883\" data-full-url=\"http:\/\/coraliepuccimakeup.fr\/wp-content\/uploads\/2022\/07\/VALENTINE0063R-1-scaled.jpeg\" data-link=\"https:\/\/coraliepuccimakeup.fr\/?attachment_id=883\" class=\"wp-image-883\" srcset=\"https:\/\/coraliepuccimakeup.fr\/wp-content\/uploads\/2022\/07\/VALENTINE0063R-1-scaled.jpeg 1707w, https:\/\/coraliepuccimakeup.fr\/wp-content\/uploads\/2022\/07\/VALENTINE0063R-1-200x300.jpeg 200w, https:\/\/coraliepuccimakeup.fr\/wp-content\/uploads\/2022\/07\/VALENTINE0063R-1-683x1024.jpeg 683w, https:\/\/coraliepuccimakeup.fr\/wp-content\/uploads\/2022\/07\/VALENTINE0063R-1-768x1152.jpeg 768w, https:\/\/coraliepuccimakeup.fr\/wp-content\/uploads\/2022\/07\/VALENTINE0063R-1-1024x1536.jpeg 1024w, https:\/\/coraliepuccimakeup.fr\/wp-content\/uploads\/2022\/07\/VALENTINE0063R-1-1365x2048.jpeg 1365w, https:\/\/coraliepuccimakeup.fr\/wp-content\/uploads\/2022\/07\/VALENTINE0063R-1-1140x1710.jpeg 1140w\" sizes=\"(max-width: 1707px) 100vw, 1707px\" \/><\/figure><\/li><li class=\"blocks-gallery-item\"><figure><img loading=\"lazy\" width=\"1707\" height=\"2560\" src=\"https:\/\/coraliepuccimakeup.fr\/wp-content\/uploads\/2022\/07\/VALENTINE0227R-1-scaled.jpeg\" alt=\"\" data-id=\"908\" data-full-url=\"http:\/\/coraliepuccimakeup.fr\/wp-content\/uploads\/2022\/07\/VALENTINE0227R-1-scaled.jpeg\" data-link=\"https:\/\/coraliepuccimakeup.fr\/?attachment_id=908\" class=\"wp-image-908\" srcset=\"https:\/\/coraliepuccimakeup.fr\/wp-content\/uploads\/2022\/07\/VALENTINE0227R-1-scaled.jpeg 1707w, https:\/\/coraliepuccimakeup.fr\/wp-content\/uploads\/2022\/07\/VALENTINE0227R-1-200x300.jpeg 200w, https:\/\/coraliepuccimakeup.fr\/wp-content\/uploads\/2022\/07\/VALENTINE0227R-1-683x1024.jpeg 683w, https:\/\/coraliepuccimakeup.fr\/wp-content\/uploads\/2022\/07\/VALENTINE0227R-1-768x1152.jpeg 768w, https:\/\/coraliepuccimakeup.fr\/wp-content\/uploads\/2022\/07\/VALENTINE0227R-1-1024x1536.jpeg 1024w, https:\/\/coraliepuccimakeup.fr\/wp-content\/uploads\/2022\/07\/VALENTINE0227R-1-1365x2048.jpeg 1365w, https:\/\/coraliepuccimakeup.fr\/wp-content\/uploads\/2022\/07\/VALENTINE0227R-1-1140x1710.jpeg 1140w\" sizes=\"(max-width: 1707px) 100vw, 1707px\" \/><\/figure><\/li><\/ul><\/figure>\n\n\n\n<figure class=\"wp-block-gallery columns-1 is-cropped\"><ul class=\"blocks-gallery-grid\"><li class=\"blocks-gallery-item\"><figure><img loading=\"lazy\" width=\"1829\" height=\"2560\" src=\"https:\/\/coraliepuccimakeup.fr\/wp-content\/uploads\/2023\/08\/aCCUEIL-scaled.jpg\" alt=\"\" data-id=\"1328\" data-full-url=\"https:\/\/coraliepuccimakeup.fr\/wp-content\/uploads\/2023\/08\/aCCUEIL-scaled.jpg\" data-link=\"https:\/\/coraliepuccimakeup.fr\/?attachment_id=1328\" class=\"wp-image-1328\" srcset=\"https:\/\/coraliepuccimakeup.fr\/wp-content\/uploads\/2023\/08\/aCCUEIL-scaled.jpg 1829w, https:\/\/coraliepuccimakeup.fr\/wp-content\/uploads\/2023\/08\/aCCUEIL-214x300.jpg 214w, https:\/\/coraliepuccimakeup.fr\/wp-content\/uploads\/2023\/08\/aCCUEIL-731x1024.jpg 731w, https:\/\/coraliepuccimakeup.fr\/wp-content\/uploads\/2023\/08\/aCCUEIL-768x1075.jpg 768w, https:\/\/coraliepuccimakeup.fr\/wp-content\/uploads\/2023\/08\/aCCUEIL-1097x1536.jpg 1097w, https:\/\/coraliepuccimakeup.fr\/wp-content\/uploads\/2023\/08\/aCCUEIL-1463x2048.jpg 1463w, https:\/\/coraliepuccimakeup.fr\/wp-content\/uploads\/2023\/08\/aCCUEIL-1140x1596.jpg 1140w\" sizes=\"(max-width: 1829px) 100vw, 1829px\" \/><\/figure><\/li><li class=\"blocks-gallery-item\"><figure><img loading=\"lazy\" width=\"526\" height=\"789\" src=\"http:\/\/coraliepuccimakeup.fr\/wp-content\/uploads\/2023\/03\/338842047_184265997702586_2056167813473062623_n.jpg\" alt=\"\" data-id=\"1247\" data-full-url=\"http:\/\/coraliepuccimakeup.fr\/wp-content\/uploads\/2023\/03\/338842047_184265997702586_2056167813473062623_n.jpg\" data-link=\"https:\/\/coraliepuccimakeup.fr\/?attachment_id=1247\" class=\"wp-image-1247\" srcset=\"https:\/\/coraliepuccimakeup.fr\/wp-content\/uploads\/2023\/03\/338842047_184265997702586_2056167813473062623_n.jpg 526w, https:\/\/coraliepuccimakeup.fr\/wp-content\/uploads\/2023\/03\/338842047_184265997702586_2056167813473062623_n-200x300.jpg 200w\" sizes=\"(max-width: 526px) 100vw, 526px\" \/><\/figure><\/li><\/ul><\/figure>\n","protected":false},"excerpt":{"rendered":"","protected":false},"author":1,"featured_media":0,"parent":0,"menu_order":0,"comment_status":"closed","ping_status":"closed","template":"","meta":[],"yoast_head":"<!-- This site is optimized with the Yoast SEO plugin v18.1 - https:\/\/yoast.com\/wordpress\/plugins\/seo\/ -->\n<title>Accueil - Coraliepucci - Make Up Artist<\/title>\n<meta name=\"description\" content=\"Maquilleuse professionnelle dans l\u2019univers de la beaut\u00e9 et de la mode depuis 2013. D\u00e9couvrez mon site internet et l&#039;ensemble de mes r\u00e9alisations.\" \/>\n<meta name=\"robots\" content=\"index, follow, max-snippet:-1, max-image-preview:large, max-video-preview:-1\" \/>\n<link rel=\"canonical\" href=\"https:\/\/coraliepuccimakeup.fr\/\" \/>\n<meta property=\"og:locale\" content=\"en_US\" \/>\n<meta property=\"og:type\" content=\"article\" \/>\n<meta property=\"og:title\" content=\"Accueil - Coraliepucci - Make Up Artist\" \/>\n<meta property=\"og:description\" content=\"Maquilleuse professionnelle dans l\u2019univers de la beaut\u00e9 et de la mode depuis 2013. D\u00e9couvrez mon site internet et l&#039;ensemble de mes r\u00e9alisations.\" \/>\n<meta property=\"og:url\" content=\"https:\/\/coraliepuccimakeup.fr\/\" \/>\n<meta property=\"og:site_name\" content=\"Coralie Pucci Make Up Artist\" \/>\n<meta property=\"article:modified_time\" content=\"2025-07-28T09:16:11+00:00\" \/>\n<meta property=\"og:image\" content=\"https:\/\/coraliepuccimakeup.fr\/wp-content\/uploads\/2025\/07\/IMG_9864.jpg\" \/>\n<meta name=\"twitter:card\" content=\"summary_large_image\" \/>\n<meta name=\"twitter:label1\" content=\"Est. reading time\" \/>\n\t<meta name=\"twitter:data1\" content=\"1 minute\" \/>\n<script type=\"application\/ld+json\" class=\"yoast-schema-graph\">{\"@context\":\"https:\/\/schema.org\",\"@graph\":[{\"@type\":\"WebSite\",\"@id\":\"https:\/\/coraliepuccimakeup.fr\/#website\",\"url\":\"https:\/\/coraliepuccimakeup.fr\/\",\"name\":\"Coralie Pucci Make Up Artist\",\"description\":\"\",\"potentialAction\":[{\"@type\":\"SearchAction\",\"target\":{\"@type\":\"EntryPoint\",\"urlTemplate\":\"https:\/\/coraliepuccimakeup.fr\/?s={search_term_string}\"},\"query-input\":\"required name=search_term_string\"}],\"inLanguage\":\"en-US\"},{\"@type\":\"ImageObject\",\"@id\":\"https:\/\/coraliepuccimakeup.fr\/#primaryimage\",\"inLanguage\":\"en-US\",\"url\":\"https:\/\/coraliepuccimakeup.fr\/wp-content\/uploads\/2025\/07\/IMG_9864.jpg\",\"contentUrl\":\"https:\/\/coraliepuccimakeup.fr\/wp-content\/uploads\/2025\/07\/IMG_9864.jpg\",\"width\":1212,\"height\":1482},{\"@type\":\"WebPage\",\"@id\":\"https:\/\/coraliepuccimakeup.fr\/#webpage\",\"url\":\"https:\/\/coraliepuccimakeup.fr\/\",\"name\":\"Accueil - Coraliepucci - Make Up Artist\",\"isPartOf\":{\"@id\":\"https:\/\/coraliepuccimakeup.fr\/#website\"},\"primaryImageOfPage\":{\"@id\":\"https:\/\/coraliepuccimakeup.fr\/#primaryimage\"},\"datePublished\":\"2018-09-17T12:58:06+00:00\",\"dateModified\":\"2025-07-28T09:16:11+00:00\",\"description\":\"Maquilleuse professionnelle dans l\u2019univers de la beaut\u00e9 et de la mode depuis 2013. D\u00e9couvrez mon site internet et l'ensemble de mes r\u00e9alisations.\",\"breadcrumb\":{\"@id\":\"https:\/\/coraliepuccimakeup.fr\/#breadcrumb\"},\"inLanguage\":\"en-US\",\"potentialAction\":[{\"@type\":\"ReadAction\",\"target\":[\"https:\/\/coraliepuccimakeup.fr\/\"]}]},{\"@type\":\"BreadcrumbList\",\"@id\":\"https:\/\/coraliepuccimakeup.fr\/#breadcrumb\",\"itemListElement\":[{\"@type\":\"ListItem\",\"position\":1,\"name\":\"Accueil\",\"item\":\"https:\/\/coraliepuccimakeup.fr\/\"},{\"@type\":\"ListItem\",\"position\":2,\"name\":\"\"}]}]}<\/script>\n<!-- \/ Yoast SEO plugin. -->","yoast_head_json":{"title":"Accueil - Coraliepucci - Make Up Artist","description":"Maquilleuse professionnelle dans l\u2019univers de la beaut\u00e9 et de la mode depuis 2013. D\u00e9couvrez mon site internet et l'ensemble de mes r\u00e9alisations.","robots":{"index":"index","follow":"follow","max-snippet":"max-snippet:-1","max-image-preview":"max-image-preview:large","max-video-preview":"max-video-preview:-1"},"canonical":"https:\/\/coraliepuccimakeup.fr\/","og_locale":"en_US","og_type":"article","og_title":"Accueil - Coraliepucci - Make Up Artist","og_description":"Maquilleuse professionnelle dans l\u2019univers de la beaut\u00e9 et de la mode depuis 2013. D\u00e9couvrez mon site internet et l'ensemble de mes r\u00e9alisations.","og_url":"https:\/\/coraliepuccimakeup.fr\/","og_site_name":"Coralie Pucci Make Up Artist","article_modified_time":"2025-07-28T09:16:11+00:00","og_image":[{"url":"https:\/\/coraliepuccimakeup.fr\/wp-content\/uploads\/2025\/07\/IMG_9864.jpg"}],"twitter_card":"summary_large_image","twitter_misc":{"Est. reading time":"1 minute"},"schema":{"@context":"https:\/\/schema.org","@graph":[{"@type":"WebSite","@id":"https:\/\/coraliepuccimakeup.fr\/#website","url":"https:\/\/coraliepuccimakeup.fr\/","name":"Coralie Pucci Make Up Artist","description":"","potentialAction":[{"@type":"SearchAction","target":{"@type":"EntryPoint","urlTemplate":"https:\/\/coraliepuccimakeup.fr\/?s={search_term_string}"},"query-input":"required name=search_term_string"}],"inLanguage":"en-US"},{"@type":"ImageObject","@id":"https:\/\/coraliepuccimakeup.fr\/#primaryimage","inLanguage":"en-US","url":"https:\/\/coraliepuccimakeup.fr\/wp-content\/uploads\/2025\/07\/IMG_9864.jpg","contentUrl":"https:\/\/coraliepuccimakeup.fr\/wp-content\/uploads\/2025\/07\/IMG_9864.jpg","width":1212,"height":1482},{"@type":"WebPage","@id":"https:\/\/coraliepuccimakeup.fr\/#webpage","url":"https:\/\/coraliepuccimakeup.fr\/","name":"Accueil - Coraliepucci - Make Up Artist","isPartOf":{"@id":"https:\/\/coraliepuccimakeup.fr\/#website"},"primaryImageOfPage":{"@id":"https:\/\/coraliepuccimakeup.fr\/#primaryimage"},"datePublished":"2018-09-17T12:58:06+00:00","dateModified":"2025-07-28T09:16:11+00:00","description":"Maquilleuse professionnelle dans l\u2019univers de la beaut\u00e9 et de la mode depuis 2013. D\u00e9couvrez mon site internet et l'ensemble de mes r\u00e9alisations.","breadcrumb":{"@id":"https:\/\/coraliepuccimakeup.fr\/#breadcrumb"},"inLanguage":"en-US","potentialAction":[{"@type":"ReadAction","target":["https:\/\/coraliepuccimakeup.fr\/"]}]},{"@type":"BreadcrumbList","@id":"https:\/\/coraliepuccimakeup.fr\/#breadcrumb","itemListElement":[{"@type":"ListItem","position":1,"name":"Accueil","item":"https:\/\/coraliepuccimakeup.fr\/"},{"@type":"ListItem","position":2,"name":""}]}]}},"_links":{"self":[{"href":"https:\/\/coraliepuccimakeup.fr\/index.php?rest_route=\/wp\/v2\/pages\/133"}],"collection":[{"href":"https:\/\/coraliepuccimakeup.fr\/index.php?rest_route=\/wp\/v2\/pages"}],"about":[{"href":"https:\/\/coraliepuccimakeup.fr\/index.php?rest_route=\/wp\/v2\/types\/page"}],"author":[{"embeddable":true,"href":"https:\/\/coraliepuccimakeup.fr\/index.php?rest_route=\/wp\/v2\/users\/1"}],"replies":[{"embeddable":true,"href":"https:\/\/coraliepuccimakeup.fr\/index.php?rest_route=%2Fwp%2Fv2%2Fcomments&post=133"}],"version-history":[{"count":104,"href":"https:\/\/coraliepuccimakeup.fr\/index.php?rest_route=\/wp\/v2\/pages\/133\/revisions"}],"predecessor-version":[{"id":1545,"href":"https:\/\/coraliepuccimakeup.fr\/index.php?rest_route=\/wp\/v2\/pages\/133\/revisions\/1545"}],"wp:attachment":[{"href":"https:\/\/coraliepuccimakeup.fr\/index.php?rest_route=%2Fwp%2Fv2%2Fmedia&parent=133"}],"curies":[{"name":"wp","href":"https:\/\/api.w.org\/{rel}","templated":true}]}}