{"id":140,"date":"2018-09-17T15:05:46","date_gmt":"2018-09-17T13:05:46","guid":{"rendered":"http:\/\/coraliepuccimakeup.fr\/?page_id=140"},"modified":"2025-01-22T15:27:50","modified_gmt":"2025-01-22T14:27:50","slug":"contact","status":"publish","type":"page","link":"https:\/\/coraliepuccimakeup.fr\/?page_id=140","title":{"rendered":"Contact"},"content":{"rendered":"\n<div class=\"wp-block-media-text alignwide is-stacked-on-mobile\"><figure class=\"wp-block-media-text__media\"><img loading=\"lazy\" width=\"684\" height=\"1024\" src=\"http:\/\/coraliepuccimakeup.fr\/wp-content\/uploads\/2022\/02\/Perfect365_1641141698508-684x1024.jpg\" alt=\"\" class=\"wp-image-719 size-full\" srcset=\"https:\/\/coraliepuccimakeup.fr\/wp-content\/uploads\/2022\/02\/Perfect365_1641141698508-684x1024.jpg 684w, https:\/\/coraliepuccimakeup.fr\/wp-content\/uploads\/2022\/02\/Perfect365_1641141698508-200x300.jpg 200w, https:\/\/coraliepuccimakeup.fr\/wp-content\/uploads\/2022\/02\/Perfect365_1641141698508-768x1150.jpg 768w, https:\/\/coraliepuccimakeup.fr\/wp-content\/uploads\/2022\/02\/Perfect365_1641141698508.jpg 960w\" sizes=\"(max-width: 684px) 100vw, 684px\" \/><\/figure><div class=\"wp-block-media-text__content\">\n<p class=\"has-large-font-size\"><strong>Coralie Pucci<\/strong><\/p>\n\n\n\n<div style=\"height:100px\" aria-hidden=\"true\" class=\"wp-block-spacer\"><\/div>\n\n\n\n<p><strong>Maquilleuse professionnelle dans l\u2019univers de la beaut\u00e9 et de la mode depuis 2013. Passionn\u00e9e par l\u2019art et la beaut\u00e9 depuis toujours, j\u2019ai naturellement choisi de faire de ma passion, mon m\u00e9tier.<\/strong><\/p>\n\n\n\n<p>Dipl\u00f4m\u00e9e de l\u2019acad\u00e9mie \u201cMAKE UP FOR EVER\u201d, j\u2019ai acquis et perfectionn\u00e9 mes techniques dans le maquillage artistique et professionnel. Depuis, j\u2019ai collabor\u00e9 avec de nombreuses marques prestigieuses (beaut\u00e9, joaillerie, haute joaillerie, pr\u00eat-\u00e0-porter) et particip\u00e9 \u00e0 des campagnes publicitaires, des shootings \u00e9ditoriaux, des d\u00e9fil\u00e9s de mode et des \u00e9v\u00e9nements d\u2019envergure.<\/p>\n\n\n\n<p>J\u2019ai \u00e9galement eu l\u2019opportunit\u00e9 de travailler aupr\u00e8s de c\u00e9l\u00e9brit\u00e9s, contribuant \u00e0 des projets uniques et exigeants o\u00f9 l\u2019excellence et la cr\u00e9ativit\u00e9 sont primordiales.<\/p>\n\n\n\n<p>Que vous soyez un professionnel ou un particulier, n\u2019h\u00e9sitez pas \u00e0 me contacter : je me ferai un plaisir de r\u00e9pondre \u00e0 vos demandes.<\/p>\n<\/div><\/div>\n\n\n<h4>&nbsp;<\/h4>\n<p style=\"text-align: center;\">\n<\/p><h5 style=\"text-align: center;\" align=\"LEFT\"><span style=\"color: #464646;\"><span style=\"font-family: Cambay, arial, sans-serif;\"><span style=\"font-size: xx-small;\">.<\/span><\/span><\/span><\/h5>\n<h6 style=\"text-align: left;\"><div role=\"form\" class=\"wpcf7\" id=\"wpcf7-f467-o1\" lang=\"fr-FR\" dir=\"ltr\">\n<div class=\"screen-reader-response\"><\/div>\n<form action=\"\/index.php?rest_route=%2Fwp%2Fv2%2Fpages%2F140#wpcf7-f467-o1\" method=\"post\" class=\"wpcf7-form\" novalidate=\"novalidate\">\n<div style=\"display: none;\">\n<input type=\"hidden\" name=\"_wpcf7\" value=\"467\" \/>\n<input type=\"hidden\" name=\"_wpcf7_version\" value=\"5.1.1\" \/>\n<input type=\"hidden\" name=\"_wpcf7_locale\" value=\"fr_FR\" \/>\n<input type=\"hidden\" name=\"_wpcf7_unit_tag\" value=\"wpcf7-f467-o1\" \/>\n<input type=\"hidden\" name=\"_wpcf7_container_post\" value=\"0\" \/>\n<input type=\"hidden\" name=\"g-recaptcha-response\" value=\"\" \/>\n<\/div>\n<p> <\/label><\/p>\n<p><label> Votre adresse de messagerie<br \/>\n    <span class=\"wpcf7-form-control-wrap your-email\"><input type=\"email\" name=\"your-email\" value=\"\" size=\"40\" class=\"wpcf7-form-control wpcf7-text wpcf7-email wpcf7-validates-as-required wpcf7-validates-as-email\" aria-required=\"true\" aria-invalid=\"false\" \/><\/span> <\/label><\/p>\n<p><label> Objet<br \/>\n    <span class=\"wpcf7-form-control-wrap your-subject\"><input type=\"text\" name=\"your-subject\" value=\"\" size=\"40\" class=\"wpcf7-form-control wpcf7-text\" aria-invalid=\"false\" \/><\/span> <\/label><\/p>\n<p><label> Votre message<br \/>\n    <span class=\"wpcf7-form-control-wrap your-message\"><textarea name=\"your-message\" cols=\"40\" rows=\"10\" class=\"wpcf7-form-control wpcf7-textarea\" aria-invalid=\"false\"><\/textarea><\/span> <\/label><\/p>\n<p><input type=\"submit\" value=\"Envoyer\" class=\"wpcf7-form-control wpcf7-submit\" \/><\/p>\n<div class=\"wpcf7-response-output wpcf7-display-none\"><\/div><\/form><\/div><\/h6>","protected":false},"excerpt":{"rendered":"<p>&nbsp; .<\/p>\n","protected":false},"author":1,"featured_media":0,"parent":0,"menu_order":0,"comment_status":"closed","ping_status":"closed","template":"","meta":[],"yoast_head":"<!-- This site is optimized with the Yoast SEO plugin v18.1 - https:\/\/yoast.com\/wordpress\/plugins\/seo\/ -->\n<title>Contact - Coraliepucci - Make Up Artist<\/title>\n<meta name=\"description\" content=\"Maquilleuse professionnelle dans l&#039;univers de la beaut\u00e9 et de la mode depuis 2013. Professionnels ou particuliers, n&#039;h\u00e9sitez pas \u00e0 me contacter je me ferais un plaisir de vous r\u00e9pondre.\" \/>\n<meta name=\"robots\" content=\"index, follow, max-snippet:-1, max-image-preview:large, max-video-preview:-1\" \/>\n<link rel=\"canonical\" href=\"https:\/\/coraliepuccimakeup.fr\/?page_id=140\" \/>\n<meta property=\"og:locale\" content=\"en_US\" \/>\n<meta property=\"og:type\" content=\"article\" \/>\n<meta property=\"og:title\" content=\"Contact - Coraliepucci - Make Up Artist\" \/>\n<meta property=\"og:description\" content=\"Maquilleuse professionnelle dans l&#039;univers de la beaut\u00e9 et de la mode depuis 2013. Professionnels ou particuliers, n&#039;h\u00e9sitez pas \u00e0 me contacter je me ferais un plaisir de vous r\u00e9pondre.\" \/>\n<meta property=\"og:url\" content=\"https:\/\/coraliepuccimakeup.fr\/?page_id=140\" \/>\n<meta property=\"og:site_name\" content=\"Coralie Pucci Make Up Artist\" \/>\n<meta property=\"article:modified_time\" content=\"2025-01-22T14:27:50+00:00\" \/>\n<meta property=\"og:image\" content=\"http:\/\/coraliepuccimakeup.fr\/wp-content\/uploads\/2022\/02\/Perfect365_1641141698508-684x1024.jpg\" \/>\n<meta name=\"twitter:card\" content=\"summary_large_image\" \/>\n<meta name=\"twitter:label1\" content=\"Est. reading time\" \/>\n\t<meta name=\"twitter:data1\" content=\"1 minute\" \/>\n<script type=\"application\/ld+json\" class=\"yoast-schema-graph\">{\"@context\":\"https:\/\/schema.org\",\"@graph\":[{\"@type\":\"WebSite\",\"@id\":\"https:\/\/coraliepuccimakeup.fr\/#website\",\"url\":\"https:\/\/coraliepuccimakeup.fr\/\",\"name\":\"Coralie Pucci Make Up Artist\",\"description\":\"\",\"potentialAction\":[{\"@type\":\"SearchAction\",\"target\":{\"@type\":\"EntryPoint\",\"urlTemplate\":\"https:\/\/coraliepuccimakeup.fr\/?s={search_term_string}\"},\"query-input\":\"required name=search_term_string\"}],\"inLanguage\":\"en-US\"},{\"@type\":\"ImageObject\",\"@id\":\"https:\/\/coraliepuccimakeup.fr\/?page_id=140#primaryimage\",\"inLanguage\":\"en-US\",\"url\":\"http:\/\/coraliepuccimakeup.fr\/wp-content\/uploads\/2022\/02\/Perfect365_1641141698508-684x1024.jpg\",\"contentUrl\":\"http:\/\/coraliepuccimakeup.fr\/wp-content\/uploads\/2022\/02\/Perfect365_1641141698508-684x1024.jpg\"},{\"@type\":\"WebPage\",\"@id\":\"https:\/\/coraliepuccimakeup.fr\/?page_id=140#webpage\",\"url\":\"https:\/\/coraliepuccimakeup.fr\/?page_id=140\",\"name\":\"Contact - Coraliepucci - Make Up Artist\",\"isPartOf\":{\"@id\":\"https:\/\/coraliepuccimakeup.fr\/#website\"},\"primaryImageOfPage\":{\"@id\":\"https:\/\/coraliepuccimakeup.fr\/?page_id=140#primaryimage\"},\"datePublished\":\"2018-09-17T13:05:46+00:00\",\"dateModified\":\"2025-01-22T14:27:50+00:00\",\"description\":\"Maquilleuse professionnelle dans l'univers de la beaut\u00e9 et de la mode depuis 2013. Professionnels ou particuliers, n'h\u00e9sitez pas \u00e0 me contacter je me ferais un plaisir de vous r\u00e9pondre.\",\"breadcrumb\":{\"@id\":\"https:\/\/coraliepuccimakeup.fr\/?page_id=140#breadcrumb\"},\"inLanguage\":\"en-US\",\"potentialAction\":[{\"@type\":\"ReadAction\",\"target\":[\"https:\/\/coraliepuccimakeup.fr\/?page_id=140\"]}]},{\"@type\":\"BreadcrumbList\",\"@id\":\"https:\/\/coraliepuccimakeup.fr\/?page_id=140#breadcrumb\",\"itemListElement\":[{\"@type\":\"ListItem\",\"position\":1,\"name\":\"Accueil\",\"item\":\"https:\/\/coraliepuccimakeup.fr\/\"},{\"@type\":\"ListItem\",\"position\":2,\"name\":\"Contact\"}]}]}<\/script>\n<!-- \/ Yoast SEO plugin. -->","yoast_head_json":{"title":"Contact - Coraliepucci - Make Up Artist","description":"Maquilleuse professionnelle dans l'univers de la beaut\u00e9 et de la mode depuis 2013. Professionnels ou particuliers, n'h\u00e9sitez pas \u00e0 me contacter je me ferais un plaisir de vous r\u00e9pondre.","robots":{"index":"index","follow":"follow","max-snippet":"max-snippet:-1","max-image-preview":"max-image-preview:large","max-video-preview":"max-video-preview:-1"},"canonical":"https:\/\/coraliepuccimakeup.fr\/?page_id=140","og_locale":"en_US","og_type":"article","og_title":"Contact - Coraliepucci - Make Up Artist","og_description":"Maquilleuse professionnelle dans l'univers de la beaut\u00e9 et de la mode depuis 2013. Professionnels ou particuliers, n'h\u00e9sitez pas \u00e0 me contacter je me ferais un plaisir de vous r\u00e9pondre.","og_url":"https:\/\/coraliepuccimakeup.fr\/?page_id=140","og_site_name":"Coralie Pucci Make Up Artist","article_modified_time":"2025-01-22T14:27:50+00:00","og_image":[{"url":"http:\/\/coraliepuccimakeup.fr\/wp-content\/uploads\/2022\/02\/Perfect365_1641141698508-684x1024.jpg"}],"twitter_card":"summary_large_image","twitter_misc":{"Est. reading time":"1 minute"},"schema":{"@context":"https:\/\/schema.org","@graph":[{"@type":"WebSite","@id":"https:\/\/coraliepuccimakeup.fr\/#website","url":"https:\/\/coraliepuccimakeup.fr\/","name":"Coralie Pucci Make Up Artist","description":"","potentialAction":[{"@type":"SearchAction","target":{"@type":"EntryPoint","urlTemplate":"https:\/\/coraliepuccimakeup.fr\/?s={search_term_string}"},"query-input":"required name=search_term_string"}],"inLanguage":"en-US"},{"@type":"ImageObject","@id":"https:\/\/coraliepuccimakeup.fr\/?page_id=140#primaryimage","inLanguage":"en-US","url":"http:\/\/coraliepuccimakeup.fr\/wp-content\/uploads\/2022\/02\/Perfect365_1641141698508-684x1024.jpg","contentUrl":"http:\/\/coraliepuccimakeup.fr\/wp-content\/uploads\/2022\/02\/Perfect365_1641141698508-684x1024.jpg"},{"@type":"WebPage","@id":"https:\/\/coraliepuccimakeup.fr\/?page_id=140#webpage","url":"https:\/\/coraliepuccimakeup.fr\/?page_id=140","name":"Contact - Coraliepucci - Make Up Artist","isPartOf":{"@id":"https:\/\/coraliepuccimakeup.fr\/#website"},"primaryImageOfPage":{"@id":"https:\/\/coraliepuccimakeup.fr\/?page_id=140#primaryimage"},"datePublished":"2018-09-17T13:05:46+00:00","dateModified":"2025-01-22T14:27:50+00:00","description":"Maquilleuse professionnelle dans l'univers de la beaut\u00e9 et de la mode depuis 2013. Professionnels ou particuliers, n'h\u00e9sitez pas \u00e0 me contacter je me ferais un plaisir de vous r\u00e9pondre.","breadcrumb":{"@id":"https:\/\/coraliepuccimakeup.fr\/?page_id=140#breadcrumb"},"inLanguage":"en-US","potentialAction":[{"@type":"ReadAction","target":["https:\/\/coraliepuccimakeup.fr\/?page_id=140"]}]},{"@type":"BreadcrumbList","@id":"https:\/\/coraliepuccimakeup.fr\/?page_id=140#breadcrumb","itemListElement":[{"@type":"ListItem","position":1,"name":"Accueil","item":"https:\/\/coraliepuccimakeup.fr\/"},{"@type":"ListItem","position":2,"name":"Contact"}]}]}},"_links":{"self":[{"href":"https:\/\/coraliepuccimakeup.fr\/index.php?rest_route=\/wp\/v2\/pages\/140"}],"collection":[{"href":"https:\/\/coraliepuccimakeup.fr\/index.php?rest_route=\/wp\/v2\/pages"}],"about":[{"href":"https:\/\/coraliepuccimakeup.fr\/index.php?rest_route=\/wp\/v2\/types\/page"}],"author":[{"embeddable":true,"href":"https:\/\/coraliepuccimakeup.fr\/index.php?rest_route=\/wp\/v2\/users\/1"}],"replies":[{"embeddable":true,"href":"https:\/\/coraliepuccimakeup.fr\/index.php?rest_route=%2Fwp%2Fv2%2Fcomments&post=140"}],"version-history":[{"count":28,"href":"https:\/\/coraliepuccimakeup.fr\/index.php?rest_route=\/wp\/v2\/pages\/140\/revisions"}],"predecessor-version":[{"id":1428,"href":"https:\/\/coraliepuccimakeup.fr\/index.php?rest_route=\/wp\/v2\/pages\/140\/revisions\/1428"}],"wp:attachment":[{"href":"https:\/\/coraliepuccimakeup.fr\/index.php?rest_route=%2Fwp%2Fv2%2Fmedia&parent=140"}],"curies":[{"name":"wp","href":"https:\/\/api.w.org\/{rel}","templated":true}]}}